{"id":593,"date":"2023-04-30T14:14:41","date_gmt":"2023-04-30T18:14:41","guid":{"rendered":"https:\/\/saypha-main.3peat.dev\/conditions-dutilisation\/"},"modified":"2023-09-26T15:19:00","modified_gmt":"2023-09-26T19:19:00","slug":"conditions-dutilisation","status":"publish","type":"page","link":"https:\/\/saypha-main.3peat.dev\/fr\/conditions-dutilisation\/","title":{"rendered":"Conditions d&rsquo;utilisation"},"content":{"rendered":"\n<section class=\"wysiwyg-block no-background\">\n    <div class=\"container \">\n        <div class=\"row pb-5 ps-sm-3 pe-sm-3\">\n            <div class=\"col-lg-10 offset-lg-1\">\n                                                <div class=\"pt-4\"><p>Veuillez lire attentivement les pr\u00e9sentes conditions d\u2019utilisation avant d\u2019utiliser ce site Web. Elles constituent un accord contraignant (l\u2019\u00ab accord \u00bb) entre chaque utilisateur de notre site Web (\u00ab vous \u00bb ou \u00ab votre \u00bb) et Croma Aesthetics Canada, Ltd. (d\/b\/a Hugel Aesthetics) (d\u00e9sign\u00e9 par \u00ab Hugel \u00bb, \u00ab nous \u00bb, \u00ab notre \u00bb ou \u00ab nos \u00bb).<\/p>\n<p>En acc\u00e9dant au site Web et en l\u2019utilisant, vous acceptez d\u2019\u00eatre li\u00e9 par les pr\u00e9sentes conditions d\u2019utilisation et de vous y conformer, et vous reconnaissez notre d\u00e9claration de confidentialit\u00e9 disponible \u00e0 l\u2019adresse <a href=\"https:\/\/hugel-aesthetics.ca\/privacy-policy\">https:\/\/huge-aesthetics.ca\/privacy-policy<\/a> (\u00ab d\u00e9claration de confidentialit\u00e9 \u00bb). Si vous n\u2019acceptez pas les pr\u00e9sentes conditions d\u2019utilisation, vous ne pourrez ni acc\u00e9der \u00e0 notre site Web ni l\u2019utiliser.<\/p>\n<p>Vous acceptez que les pr\u00e9sentes conditions d\u2019utilisation, ainsi que toutes les informations, communications et accords connexes entre vous et nous, puissent \u00eatre communiqu\u00e9s, mis \u00e0 disposition et conclus par voie \u00e9lectronique.<\/p>\n<p>Les pr\u00e9sentes conditions d\u2019utilisation ont \u00e9t\u00e9 mises \u00e0 jour pour la derni\u00e8re fois \u00e0 la date de \u00ab mise \u00e0 jour \u00bb indiqu\u00e9e ci-dessus Nous pouvons, \u00e0 notre seule discr\u00e9tion, modifier les pr\u00e9sentes conditions d\u2019utilisation \u00e0 tout moment. Ces modifications entreront en vigueur d\u00e8s leur publication et s\u2019appliqueront \u00e0 tout acc\u00e8s et utilisation continue du site Web. Vous acceptez de consulter r\u00e9guli\u00e8rement les pr\u00e9sentes conditions d\u2019utilisation afin de vous tenir inform\u00e9 de toute modification.<\/p>\n<p><strong>\u00c9ligibilit\u00e9 \u00e0 l\u2019utilisation du site Web<\/strong><\/p>\n<p>En acc\u00e9dant au site Web et en l\u2019utilisant, vous d\u00e9clarez et garantissez que vous avez l\u2019\u00e2ge l\u00e9gal de la majorit\u00e9 dans votre ressort territorial<\/p>\n<p><strong>Utilisation de notre site Web<\/strong><\/p>\n<p>Le site Web est uniquement destin\u00e9 \u00e0 \u00eatre consult\u00e9 et utilis\u00e9 au Canada.<\/p>\n<p>Vous ne pouvez acc\u00e9der \u00e0 notre site Web que pour votre usage personnel ou professionnel interne, et dans le respect de toutes les lois applicables. L\u2019utilisation de notre site Web au-del\u00e0 de l\u2019acc\u00e8s autoris\u00e9 qui vous est accord\u00e9 par les pr\u00e9sentes conditions d\u2019utilisation met imm\u00e9diatement fin \u00e0 cette autorisation.<\/p>\n<p>L\u2019acc\u00e8s et l\u2019utilisation de notre site Web peuvent \u00eatre soumis \u00e0 des limitations, des lenteurs et d\u2019autres probl\u00e8mes inh\u00e9rents \u00e0 l\u2019utilisation de l\u2019internet et des communications \u00e9lectroniques. Les informations et le mat\u00e9riel figurant sur notre site Web peuvent \u00eatre modifi\u00e9s ou retir\u00e9s \u00e0 tout moment, \u00e0 notre seule discr\u00e9tion et sans pr\u00e9avis. Nous ne serons pas responsables si, pour une raison quelconque, la totalit\u00e9 ou une partie du site Web est interdite aux utilisateurs ou indisponible sur une p\u00e9riode donn\u00e9e ou ind\u00e9termin\u00e9e, ainsi que pour tout retard, d\u00e9faut de livraison ou autre dommage r\u00e9sultant de tels probl\u00e8mes.<\/p>\n<p>Tous les droits qui ne sont pas express\u00e9ment accord\u00e9s par les pr\u00e9sentes conditions d&rsquo;utilisation nous sont r\u00e9serv\u00e9s, ou, le cas \u00e9ch\u00e9ant, \u00e0 nos conc\u00e9dants de licence.<\/p>\n<p>Nonobstant toute autre disposition contenue dans le pr\u00e9sent document, nous nous r\u00e9servons le droit de refuser l&rsquo;acc\u00e8s \u00e0 notre site web \u00e0 quiconque, \u00e0 tout moment et pour quelque raison que ce soit, sans pr\u00e9avis ni responsabilit\u00e9.<\/p>\n<p><strong>Renseignements sur les marques de commerce et les droits d\u2019auteur<\/strong><\/p>\n<p>Notre site Web propose un contenu comprenant tous les textes, sons, images et autres mat\u00e9riels ou \u00e9l\u00e9ments (collectivement le \u00ab contenu \u00bb). Vous comprenez et acceptez que le site web et l&rsquo;ensemble de son contenu, de ses caract\u00e9ristiques et de ses fonctionnalit\u00e9s sont la propri\u00e9t\u00e9 de Hugel, de ses conc\u00e9dants de licence ou d&rsquo;autres fournisseurs de ce mat\u00e9riel et sont prot\u00e9g\u00e9s par les lois sur la propri\u00e9t\u00e9 intellectuelle, y compris les droits d&rsquo;auteur, les marques, les brevets, les secrets commerciaux et tout autre droit de propri\u00e9t\u00e9 intellectuelle. Toute reproduction, modification, cr\u00e9ation d\u2019\u0153uvres d\u00e9riv\u00e9es ou redistribution de notre site Web ou de son contenu, et\/ou copie ou reproduction de son contenu, en tout ou en partie, est interdite.<\/p>\n<p>Vous acceptez de vous conformer \u00e0 tous les avis de droits d\u2019auteur affich\u00e9s sur notre site Web. Il convient de souligner que l\u2019utilisation du contenu sur tout autre site Web, y compris par le biais de liens ou de cadres, ou la reproduction du contenu sur tout autre serveur, est interdite.<\/p>\n<p>Le nom de la soci\u00e9t\u00e9, \u00ab Hugel Aesthetics \u00bb, le logo de la soci\u00e9t\u00e9 et tous les noms, logos, noms de produits et de services, dessins, images et slogans connexes sont des marques de commerce de Hugel ou de ses affili\u00e9s ou conc\u00e9dants de licence. Vous ne devez pas utiliser ces marques sans avoir obtenu au pr\u00e9alable notre autorisation \u00e9crite. . Les diff\u00e9rents noms, logos, noms de produits et de services, dessins, images et slogans mentionn\u00e9s ou apparaissant sur ce site Web sont des marques de commerce de leurs propri\u00e9taires respectifs. Vous ne pouvez pas utiliser ce qui pr\u00e9c\u00e8de, sauf autorisation expresse.<\/p>\n<p><strong>Respect de la vie priv\u00e9e<\/strong><\/p>\n<p>Notre d\u00e9claration de confidentialit\u00e9 r\u00e9sume nos pratiques et politiques en mati\u00e8re de respect de la vie priv\u00e9e et peut \u00eatre consult\u00e9e \u00e0 l\u2019adresse <a href=\"https:\/\/hugel-aesthetics.ca\/privacy-policy\">https:\/\/huge-aesthetics.ca\/privacy-policy<\/a>.<\/p>\n<p>La s\u00e9curit\u00e9 de vos informations d\u00e9pend \u00e9galement de vous. Il vous incombe d&rsquo;obtenir votre propre acc\u00e8s au site web. Vous devez veiller \u00e0 ce que toutes les personnes qui acc\u00e8dent au site Web par l\u2019interm\u00e9diaire de votre connexion internet soient inform\u00e9es des pr\u00e9sentes conditions d\u2019utilisation et s\u2019y conforment.<\/p>\n<p><strong>Votre responsabilit\u00e9<\/strong><\/p>\n<p>Vous vous engagez \u00e0 ne pas publier, soumettre ou fournir d\u2019une autre mani\u00e8re ou mettre \u00e0 disposition, en utilisant notre site Web, un contenu qui:<\/p>\n<p>(a) est ill\u00e9gale;<\/p>\n<p>(b) contient des informations personnelles ou d&rsquo;identification concernant une autre personne sans le consentement explicite de cette derni\u00e8re;<\/p>\n<p>(c) usurpe l\u2019identit\u00e9 d\u2019une personne ou d\u2019une entit\u00e9, y compris, mais sans s\u2019y limiter, un employ\u00e9 de Hugel, ou d\u00e9clare faussement ou d\u00e9forme de toute autre mani\u00e8re une affiliation avec une personne ou une entit\u00e9;<\/p>\n<p>(d) enfreint tout brevet, marque de commerce, secret commercial, droit d\u2019auteur ou autre droit de propri\u00e9t\u00e9 de toute personne, ou contenu dont vous ne poss\u00e9dez pas le droit ou la permission de rendre accessible;<\/p>\n<p>(e) est pr\u00e9judiciable, mena\u00e7ant, abusif, harcelant, diffamatoire, pornographique;<\/p>\n<p>(f) harc\u00e8le, d\u00e9grade, intimide ou est haineux \u00e0 l\u2019\u00e9gard d\u2019une personne ou d\u2019un groupe de personnes sur la base de la religion, du genre, de l\u2019orientation sexuelle, de la race, de l\u2019origine ethnique, de l\u2019\u00e2ge ou d\u2019un handicap;<\/p>\n<p>(g) qui constitue ou contient toute forme de publicit\u00e9 ou de sollicitation, ou qui inclut des liens vers des services ou des sites Web commerciaux;<\/p>\n<p>(h) contient des virus informatiques ou tout autre code informatique, fichier ou programme con\u00e7u pour interrompre, d\u00e9truire, endommager ou limiter la fonctionnalit\u00e9 de tout logiciel ou mat\u00e9riel informatique ou \u00e9quipement de t\u00e9l\u00e9communication ou de toute donn\u00e9e;<\/p>\n<p>(i) perturbe l\u2019utilisation normale de notre site Web ou affecte de mani\u00e8re n\u00e9gative la capacit\u00e9 des autres utilisateurs \u00e0 utiliser notre site Web; ou<\/p>\n<p>(j) utilise des identifiants trompeurs ou manipul\u00e9s afin de dissimuler l&rsquo;origine du contenu.<\/p>\n<p>Vous serez seul responsable de toute perte, de tout dommage et de tout co\u00fbt suppl\u00e9mentaire qui pourrait \u00eatre encouru par vous, Hugel ou toute autre personne en raison de la soumission de toute information sur ou par l\u2019interm\u00e9diaire de notre site Web.<\/p>\n<p>Hugel se r\u00e9serve le droit de refuser, de publier ou de supprimer tout contenu, en tout ou en partie, qui, \u00e0 notre seule discr\u00e9tion, est inacceptable, ind\u00e9sirable ou en violation de ces conditions d\u2019utilisation.<\/p>\n<p><strong>Clause de non-responsabilit\u00e9 concernant le contenu et les sites Web de tiers <\/strong><\/p>\n<p>Notre site Web peut offrir un acc\u00e8s \u00e0 des sites Web et \u00e0 des contenus de tiers disponibles sur Internet. Hugel n\u2019exerce aucun contr\u00f4le sur ces sites Web et contenus de tiers. Vous acceptez qu\u2019il est de votre responsabilit\u00e9 d\u2019examiner et d\u2019\u00e9valuer un tel contenu, et que tout risque associ\u00e9 \u00e0 l\u2019utilisation ou \u00e0 la confiance en un tel contenu vous incombe. Il vous incombe de consulter, d\u2019accepter et de respecter les conditions d\u2019utilisation et les politiques de confidentialit\u00e9 affich\u00e9es sur les sites Web de ces tiers. L&rsquo;inclusion d&rsquo;un lien vers le contenu d&rsquo;un tiers n&rsquo;implique pas l&rsquo;approbation par Hugel. Vous acceptez en outre que Hugel ne soit pas responsable, directement ou indirectement, de quelque mani\u00e8re que ce soit, de toute perte ou de tout dommage de quelque nature que ce soit r\u00e9sultant de, ou en relation avec votre utilisation de, ou la confiance accord\u00e9e \u00e0, tout site Web ou contenu d\u2019un tiers.<\/p>\n<p><strong>Disculpation <\/strong><\/p>\n<p>Le contenu de notre site Web est fourni \u00e0 titre d\u2019information g\u00e9n\u00e9rale uniquement. Il n\u2019est pas destin\u00e9 \u00e0 constituer des conseils sur lesquels vous pouvez vous appuyer.<\/p>\n<p>Bien que nous nous efforcions de mettre \u00e0 jour les renseignements sur notre site Web, nous ne faisons aucune d\u00e9claration, ne donnons aucune garantie, expresse ou implicite, quant \u00e0 l\u2019exactitude, l\u2019exhaustivit\u00e9 ou la mise \u00e0 jour du contenu de notre site Web. L\u2019utilisation que vous faites du site Web est \u00e0 vos propres risques, et ni Hugel, ni sa maison m\u00e8re, ni ses filiales, ni ses soci\u00e9t\u00e9s affili\u00e9es, ni leurs administrateurs, dirigeants, employ\u00e9s, agents, fournisseurs de services, entrepreneurs, conc\u00e9dants, licenci\u00e9s, fournisseurs ou successeurs respectifs (\u00ab repr\u00e9sentants \u00bb) n\u2019ont de responsabilit\u00e9 ou d\u2019obligation quelle qu\u2019elle soit quant \u00e0 votre utilisation de ce site Web.<\/p>\n<p><strong>Exclusion de garantie et de responsabilit\u00e9<\/strong><\/p>\n<p>VOUS COMPRENEZ ET ACCEPTEZ QUE VOTRE UTILISATION DU SITE WEB ET DE SON CONTENU SE FAIT A VOS PROPRES RISQUES. NOTRE SITE WEB (Y COMPRIS SON CONTENU) EST FOURNI \u00ab EN L\u2019\u00c9TAT \u00bb ET \u00ab TEL QUE DISPONIBLE \u00bb SANS AUCUNE GARANTIE OU CONDITION DE QUELQUE NATURE QUE CE SOIT, EXPRESSE OU IMPLICITE, Y COMPRIS, MAIS SANS S\u2019Y LIMITER, TOUTE GARANTIE OU CONDITION IMPLICITE DE QUALIT\u00c9 MARCHANDE, D\u2019AD\u00c9QUATION \u00c0 UN USAGE PARTICULIER OU D\u2019ABSENCE DE CONTREFA\u00c7ON.<\/p>\n<p>NI HUGEL NI SES REPR\u00c9SENTANTS N\u2019OFFRENT DE GARANTIE, DE D\u00c9CLARATION OU D\u2019APPROBATION CONCERNANT L\u2019EXHAUSTIVIT\u00c9, LA S\u00c9CURIT\u00c9, LA FIABILIT\u00c9, L\u2019AD\u00c9QUATION, L\u2019EXACTITUDE, L\u2019ACTUALIT\u00c9 OU LA DISPONIBILIT\u00c9 DU SITE WEB OU DE SON CONTENU. SANS LIMITATION DE CE QUI PR\u00c9C\u00c8DE, NI HUGEL NI SES REPR\u00c9SENTANTS NE D\u00c9CLARENT OU NE GARANTISSENT QUE LE SITE WEB OU SON CONTENU EST EXACT, FIABLE, EXEMPT D\u2019ERREURS OU SANS INTERRUPTION, QUE LES D\u00c9FAUTS SERONT CORRIG\u00c9S, QUE NOTRE SITE WEB OU LE SERVEUR QUI LE REND DISPONIBLE EST EXEMPT DE VIRUS OU D\u2019AUTRES COMPOSANTS NUISIBLES.<\/p>\n<p>Le site Web et les renseignements fournis sur les produits sont destin\u00e9s \u00e0 des fins d\u2019information uniquement. Certains produits Hugel, y compris les m\u00e9dicaments et les dispositifs m\u00e9dicaux, ne sont disponibles que sur ordonnance d\u2019un m\u00e9decin ou d\u2019un professionnel de la sant\u00e9 qualifi\u00e9. Les renseignements sur les produits figurant sur le site Web ne sont pas destin\u00e9s \u00e0 fournir des informations m\u00e9dicales compl\u00e8tes. Le site Web n\u2019est pas destin\u00e9 \u00e0 offrir des conseils m\u00e9dicaux, ni de se substituer \u00e0 un conseil, un diagnostic, un traitement ou une consultation aupr\u00e8s d\u2019un fournisseur de soins de sant\u00e9 qualifi\u00e9 ou d\u2019un professionnel de la sant\u00e9 tel qu\u2019un m\u00e9decin ou un pharmacien. TOUJOURS DEMANDER L\u2019AVIS D\u2019UN M\u00c9DECIN OU D\u2019UN AUTRE FOURNISSEUR DE SOINS DE SANT\u00c9 QUALIFI\u00c9 POUR TOUTE QUESTION RELATIVE \u00c0 UN \u00c9TAT DE SANT\u00c9. EN CAS D&rsquo;URGENCE M\u00c9DICALE, APPELEZ IMM\u00c9DIATEMENT UN M\u00c9DECIN, UN AUTRE PRESTATAIRE DE SOINS DE SANT\u00c9 QUALIFI\u00c9 OU LE 911, OU RENDEZ-VOUS AU SERVICE DES URGENCES LE PLUS PROCHE DE CHEZ VOUS. Ne vous abstenez jamais de consulter un m\u00e9decin ou ne tardez pas \u00e0 le faire au motif que vous avez lu quelque chose sur le site Web. Seul un m\u00e9decin ou autre fournisseur de soins de sant\u00e9 qualifi\u00e9 ayant eu l\u2019occasion d\u2019interagir avec un patient en personne, ayant acc\u00e8s \u00e0 ses dossiers et ayant eu la possibilit\u00e9 de proc\u00e9der \u00e0 des \u00e9valuations et \u00e0 un suivi appropri\u00e9s, peut formuler des recommandations de traitement.<\/p>\n<p>Hugel et ses repr\u00e9sentants ne seront pas responsables (i) des dommages directs sup\u00e9rieurs \u00e0 100 dollars canadiens; ou (ii) des dommages sp\u00e9ciaux, indirects, accessoires ou cons\u00e9cutifs, ou des pertes de revenus ou de profits, qui pourraient r\u00e9sulter de l\u2019utilisation du contenu ou de notre site Web. Hugel ne s\u2019engage pas \u00e0 mettre \u00e0 jour les renseignements contenus dans le pr\u00e9sent document.<\/p>\n<p><strong>Indemnit\u00e9<\/strong><\/p>\n<p>Vous acceptez d&rsquo;indemniser et de tenir Hugel et ses repr\u00e9sentants \u00e0 l&rsquo;\u00e9cart de toute r\u00e9clamation ou demande, y compris les honoraires d&rsquo;avocat raisonnables et les frais de justice, faite par un tiers en raison de ou d\u00e9coulant de votre utilisation de notre site web ou du contenu, de votre violation des pr\u00e9sentes conditions d&rsquo;utilisation, de votre violation de toute d\u00e9claration et garantie ici, de votre violation de toute loi, r\u00e8gle, r\u00e9glementation et ordre de toute autorit\u00e9 gouvernementale, ou de votre violation de tout droit d&rsquo;une autre personne.<\/p>\n<p><strong>Relation ind\u00e9pendante<\/strong><\/p>\n<p>Rien dans les pr\u00e9sentes conditions d&rsquo;utilisation ne doit \u00eatre interpr\u00e9t\u00e9 comme formant un partenariat ou une coentreprise entre Hugel et vous. Aucune des parties aux pr\u00e9sentes conditions d&rsquo;utilisation n&rsquo;a le pouvoir de lier l&rsquo;autre partie par contrat ou autrement, ni de faire des d\u00e9clarations au nom de l&rsquo;autre partie. Vous reconnaissez que Hugel agit ind\u00e9pendamment de vous, et que Hugel ne sera en aucun cas consid\u00e9r\u00e9 comme votre employ\u00e9 ou agent \u00e0 quelque fin que ce soit.<\/p>\n<p><strong>Questions g\u00e9n\u00e9rales<\/strong><\/p>\n<p>Ces conditions d\u2019utilisation constituent l\u2019int\u00e9gralit\u00e9 de l\u2019accord entre vous et Hugel concernant votre utilisation de notre site Web, rempla\u00e7ant tout accord ant\u00e9rieur entre vous et Hugel. Ces conditions d\u2019utilisation et la relation entre vous et Hugel seront r\u00e9gies par les lois de la province de l\u2019Ontario (et les lois f\u00e9d\u00e9rales du Canada qui s\u2019y appliquent) sans tenir compte des dispositions relatives aux conflits de lois. Vous et Hugel acceptez de vous soumettre au ressort territorial non exclusif des tribunaux situ\u00e9s \u00e0 Toronto, Ontario.<\/p>\n<p>Le fait que Hugel n\u2019exerce pas ou n\u2019applique pas un droit ou une disposition des pr\u00e9sentes conditions d\u2019utilisation ne constitue pas une renonciation \u00e0 ce droit ou \u00e0 cette disposition.<\/p>\n<p>Si une disposition des pr\u00e9sentes conditions d\u2019utilisation est jug\u00e9e invalide par un tribunal comp\u00e9tent, les autres dispositions des pr\u00e9sentes conditions d\u2019utilisation restent pleinement en vigueur.<\/p>\n<p>Vous ne pouvez pas c\u00e9der vos droits et obligations en vertu du pr\u00e9sent accord; Hugel peut c\u00e9der ses droits ou obligations en vertu du pr\u00e9sent accord \u00e0 tout moment sans pr\u00e9avis. Le pr\u00e9sent accord lie les parties et leurs successeurs et cessionnaires respectifs, s\u2019applique \u00e0 leur profit et leur est opposable.<\/p>\n<\/div>\n                <p class=\"disclaimer mt-4\"><\/p>\n            <\/div>\n        <\/div>\n    <\/div>\n\n\n<\/section>","protected":false},"excerpt":{"rendered":"","protected":false},"author":1,"featured_media":0,"parent":0,"menu_order":0,"comment_status":"closed","ping_status":"closed","template":"","meta":{"footnotes":""},"class_list":["post-593","page","type-page","status-publish","hentry"],"acf":[],"yoast_head":"<!-- This site is optimized with the Yoast SEO plugin v20.8 - https:\/\/yoast.com\/wordpress\/plugins\/seo\/ -->\n<title>Conditions d&#039;utilisation - saypha\u00ae HA Dermal Fillers<\/title>\n<meta name=\"description\" content=\"Veuillez lire attentivement les pr\u00e9sentes conditions d\u2019utilisation avant d\u2019utiliser ce site Web. Elles constituent un accord contraignant (l\u2019\u00ab accord \u00bb) entre chaque utilisateur de notre site Web\" \/>\n<meta name=\"robots\" content=\"index, follow, max-snippet:-1, max-image-preview:large, max-video-preview:-1\" \/>\n<link rel=\"canonical\" href=\"https:\/\/saypha-main.3peat.dev\/fr\/conditions-dutilisation\/\" \/>\n<meta property=\"og:locale\" content=\"fr_FR\" \/>\n<meta property=\"og:type\" content=\"article\" \/>\n<meta property=\"og:title\" content=\"Conditions d&#039;utilisation - saypha\u00ae HA Dermal Fillers\" \/>\n<meta property=\"og:description\" content=\"Veuillez lire attentivement les pr\u00e9sentes conditions d\u2019utilisation avant d\u2019utiliser ce site Web. Elles constituent un accord contraignant (l\u2019\u00ab accord \u00bb) entre chaque utilisateur de notre site Web\" \/>\n<meta property=\"og:url\" content=\"https:\/\/saypha-main.3peat.dev\/fr\/conditions-dutilisation\/\" \/>\n<meta property=\"og:site_name\" content=\"Saypha\" \/>\n<meta property=\"article:modified_time\" content=\"2023-09-26T19:19:00+00:00\" \/>\n<meta name=\"twitter:card\" content=\"summary_large_image\" \/>\n<script type=\"application\/ld+json\" class=\"yoast-schema-graph\">{\"@context\":\"https:\/\/schema.org\",\"@graph\":[{\"@type\":\"WebPage\",\"@id\":\"https:\/\/saypha-main.3peat.dev\/fr\/conditions-dutilisation\/\",\"url\":\"https:\/\/saypha-main.3peat.dev\/fr\/conditions-dutilisation\/\",\"name\":\"Conditions d'utilisation - saypha\u00ae HA Dermal Fillers\",\"isPartOf\":{\"@id\":\"https:\/\/saypha-main.3peat.dev\/fr\/#website\"},\"datePublished\":\"2023-04-30T18:14:41+00:00\",\"dateModified\":\"2023-09-26T19:19:00+00:00\",\"description\":\"Veuillez lire attentivement les pr\u00e9sentes conditions d\u2019utilisation avant d\u2019utiliser ce site Web. Elles constituent un accord contraignant (l\u2019\u00ab accord \u00bb) entre chaque utilisateur de notre site Web\",\"breadcrumb\":{\"@id\":\"https:\/\/saypha-main.3peat.dev\/fr\/conditions-dutilisation\/#breadcrumb\"},\"inLanguage\":\"fr-FR\",\"potentialAction\":[{\"@type\":\"ReadAction\",\"target\":[\"https:\/\/saypha-main.3peat.dev\/fr\/conditions-dutilisation\/\"]}]},{\"@type\":\"BreadcrumbList\",\"@id\":\"https:\/\/saypha-main.3peat.dev\/fr\/conditions-dutilisation\/#breadcrumb\",\"itemListElement\":[{\"@type\":\"ListItem\",\"position\":1,\"name\":\"Home\",\"item\":\"https:\/\/saypha-main.3peat.dev\/fr\/\"},{\"@type\":\"ListItem\",\"position\":2,\"name\":\"Conditions d&#8217;utilisation\"}]},{\"@type\":\"WebSite\",\"@id\":\"https:\/\/saypha-main.3peat.dev\/fr\/#website\",\"url\":\"https:\/\/saypha-main.3peat.dev\/fr\/\",\"name\":\"Saypha\",\"description\":\"\",\"potentialAction\":[{\"@type\":\"SearchAction\",\"target\":{\"@type\":\"EntryPoint\",\"urlTemplate\":\"https:\/\/saypha-main.3peat.dev\/fr\/?s={search_term_string}\"},\"query-input\":\"required name=search_term_string\"}],\"inLanguage\":\"fr-FR\"}]}<\/script>\n<!-- \/ Yoast SEO plugin. -->","yoast_head_json":{"title":"Conditions d'utilisation - saypha\u00ae HA Dermal Fillers","description":"Veuillez lire attentivement les pr\u00e9sentes conditions d\u2019utilisation avant d\u2019utiliser ce site Web. Elles constituent un accord contraignant (l\u2019\u00ab accord \u00bb) entre chaque utilisateur de notre site Web","robots":{"index":"index","follow":"follow","max-snippet":"max-snippet:-1","max-image-preview":"max-image-preview:large","max-video-preview":"max-video-preview:-1"},"canonical":"https:\/\/saypha-main.3peat.dev\/fr\/conditions-dutilisation\/","og_locale":"fr_FR","og_type":"article","og_title":"Conditions d'utilisation - saypha\u00ae HA Dermal Fillers","og_description":"Veuillez lire attentivement les pr\u00e9sentes conditions d\u2019utilisation avant d\u2019utiliser ce site Web. Elles constituent un accord contraignant (l\u2019\u00ab accord \u00bb) entre chaque utilisateur de notre site Web","og_url":"https:\/\/saypha-main.3peat.dev\/fr\/conditions-dutilisation\/","og_site_name":"Saypha","article_modified_time":"2023-09-26T19:19:00+00:00","twitter_card":"summary_large_image","schema":{"@context":"https:\/\/schema.org","@graph":[{"@type":"WebPage","@id":"https:\/\/saypha-main.3peat.dev\/fr\/conditions-dutilisation\/","url":"https:\/\/saypha-main.3peat.dev\/fr\/conditions-dutilisation\/","name":"Conditions d'utilisation - saypha\u00ae HA Dermal Fillers","isPartOf":{"@id":"https:\/\/saypha-main.3peat.dev\/fr\/#website"},"datePublished":"2023-04-30T18:14:41+00:00","dateModified":"2023-09-26T19:19:00+00:00","description":"Veuillez lire attentivement les pr\u00e9sentes conditions d\u2019utilisation avant d\u2019utiliser ce site Web. Elles constituent un accord contraignant (l\u2019\u00ab accord \u00bb) entre chaque utilisateur de notre site Web","breadcrumb":{"@id":"https:\/\/saypha-main.3peat.dev\/fr\/conditions-dutilisation\/#breadcrumb"},"inLanguage":"fr-FR","potentialAction":[{"@type":"ReadAction","target":["https:\/\/saypha-main.3peat.dev\/fr\/conditions-dutilisation\/"]}]},{"@type":"BreadcrumbList","@id":"https:\/\/saypha-main.3peat.dev\/fr\/conditions-dutilisation\/#breadcrumb","itemListElement":[{"@type":"ListItem","position":1,"name":"Home","item":"https:\/\/saypha-main.3peat.dev\/fr\/"},{"@type":"ListItem","position":2,"name":"Conditions d&#8217;utilisation"}]},{"@type":"WebSite","@id":"https:\/\/saypha-main.3peat.dev\/fr\/#website","url":"https:\/\/saypha-main.3peat.dev\/fr\/","name":"Saypha","description":"","potentialAction":[{"@type":"SearchAction","target":{"@type":"EntryPoint","urlTemplate":"https:\/\/saypha-main.3peat.dev\/fr\/?s={search_term_string}"},"query-input":"required name=search_term_string"}],"inLanguage":"fr-FR"}]}},"_links":{"self":[{"href":"https:\/\/saypha-main.3peat.dev\/fr\/wp-json\/wp\/v2\/pages\/593","targetHints":{"allow":["GET"]}}],"collection":[{"href":"https:\/\/saypha-main.3peat.dev\/fr\/wp-json\/wp\/v2\/pages"}],"about":[{"href":"https:\/\/saypha-main.3peat.dev\/fr\/wp-json\/wp\/v2\/types\/page"}],"author":[{"embeddable":true,"href":"https:\/\/saypha-main.3peat.dev\/fr\/wp-json\/wp\/v2\/users\/1"}],"replies":[{"embeddable":true,"href":"https:\/\/saypha-main.3peat.dev\/fr\/wp-json\/wp\/v2\/comments?post=593"}],"version-history":[{"count":1,"href":"https:\/\/saypha-main.3peat.dev\/fr\/wp-json\/wp\/v2\/pages\/593\/revisions"}],"predecessor-version":[{"id":594,"href":"https:\/\/saypha-main.3peat.dev\/fr\/wp-json\/wp\/v2\/pages\/593\/revisions\/594"}],"wp:attachment":[{"href":"https:\/\/saypha-main.3peat.dev\/fr\/wp-json\/wp\/v2\/media?parent=593"}],"curies":[{"name":"wp","href":"https:\/\/api.w.org\/{rel}","templated":true}]}}