{"id":556,"date":"2023-04-30T14:14:27","date_gmt":"2023-04-30T18:14:27","guid":{"rendered":"https:\/\/saypha-main.3peat.dev\/saypha-informations-sur-la-securite\/"},"modified":"2023-09-29T13:40:51","modified_gmt":"2023-09-29T17:40:51","slug":"saypha-informations-sur-la-securite","status":"publish","type":"page","link":"https:\/\/saypha-main.3peat.dev\/fr\/saypha-informations-sur-la-securite\/","title":{"rendered":"Saypha\u00ae informations sur la s\u00e9curit\u00e9"},"content":{"rendered":"\n<section class=\"wysiwyg-block no-background\">\n    <div class=\"container \">\n        <div class=\"row pb-5 ps-sm-3 pe-sm-3\">\n            <div class=\"col-lg-10 offset-lg-1\">\n                                                <div class=\"pt-4\"><p>Les produits de comblement \u00e0 base d\u2019acide hyaluronique de la gamme Saypha<sup>\u00ae<\/sup> sont des implants de gel injectable visco\u00e9lastique r\u00e9sorbable indiqu\u00e9s pour corriger des sillons nasog\u00e9niens. Votre m\u00e9decin vous posera des questions sur vos ant\u00e9c\u00e9dents m\u00e9dicaux afin de d\u00e9terminer si les produits Saypha<sup>\u00ae<\/sup> vous conviennent. Les \u00e9l\u00e9ments suivants sont des consid\u00e9rations importantes dont vous devez discuter avec votre m\u00e9decin avant le traitement:<\/p>\n<ul>\n<li>Vous avez des allergies connues, notamment \u00e0 l\u2019acide hyaluronique, \u00e0 l\u2019hydrochlorure de lidoca\u00efne ou \u00e0 d\u2019autres anesth\u00e9siques locaux<\/li>\n<li>Vous avez des ant\u00e9c\u00e9dents de maladie auto-immune ou vous recevez une immunoth\u00e9rapie<\/li>\n<li>Vous devez informer votre m\u00e9decin de tous les m\u00e9dicaments que vous prenez actuellement, y compris les m\u00e9dicaments qui prolongent les saignements, comme les anticoagulants, ou si vous recevez des inhibiteurs de l\u2019agr\u00e9gation plaquettaire.<\/li>\n<li>Vous avez r\u00e9cemment eu ou envisagent d\u2019avoir d\u2019autres traitements de surface de la peau, tels que la th\u00e9rapie au laser, la dermabrasion m\u00e9canique, ou la dermabrasion chimique.<\/li>\n<li>Vous avez des infections ou inflammations de la peau, comme de l\u2019acn\u00e9 ou herp\u00e8s<\/li>\n<li>Vous avez tendance \u00e0 d\u00e9velopper des cicatrices hypertrophi\u00e9es<\/li>\n<li>Vous \u00eates enceinte ou allaitez, ou vous avez moins de 18 ans<\/li>\n<li>Les effets secondaires potentiels associ\u00e9s aux produits Saypha<sup>\u00ae<\/sup> comprennent des r\u00e9actions temporaires au site d\u2019injection tels que rougeur, gonflement, d\u00e9mangeaisons, douleur, fermet\u00e9, bosses, ecchymoses et d\u00e9coloration. Ces r\u00e9actions peuvent survenir imm\u00e9diatement ou apr\u00e8s une certaine p\u00e9riode et peuvent durer jusqu\u2019\u00e0 une semaine. Comme pour toute injection, il existe un risque d\u2019infection. Ce n\u2019est pas une liste compl\u00e8te des effets secondaires.<\/li>\n<\/ul>\n<p><strong>Veuillez consulter le mode d\u2019emploi pour une liste compl\u00e8te d\u2019avertissements et de pr\u00e9cautions.<\/strong><\/p>\n<\/div>\n                <p class=\"disclaimer mt-4\"><\/p>\n            <\/div>\n        <\/div>\n    <\/div>\n\n\n<\/section>","protected":false},"excerpt":{"rendered":"","protected":false},"author":1,"featured_media":0,"parent":0,"menu_order":0,"comment_status":"closed","ping_status":"closed","template":"","meta":{"footnotes":""},"class_list":["post-556","page","type-page","status-publish","hentry"],"acf":[],"yoast_head":"<!-- This site is optimized with the Yoast SEO plugin v20.8 - https:\/\/yoast.com\/wordpress\/plugins\/seo\/ -->\n<title>Saypha\u00ae informations sur la s\u00e9curit\u00e9 - Saypha<\/title>\n<meta name=\"robots\" content=\"index, follow, max-snippet:-1, max-image-preview:large, max-video-preview:-1\" \/>\n<link rel=\"canonical\" href=\"https:\/\/saypha-main.3peat.dev\/fr\/saypha-informations-sur-la-securite\/\" \/>\n<meta property=\"og:locale\" content=\"fr_FR\" \/>\n<meta property=\"og:type\" content=\"article\" \/>\n<meta property=\"og:title\" content=\"Saypha\u00ae informations sur la s\u00e9curit\u00e9 - Saypha\" \/>\n<meta property=\"og:url\" content=\"https:\/\/saypha-main.3peat.dev\/fr\/saypha-informations-sur-la-securite\/\" \/>\n<meta property=\"og:site_name\" content=\"Saypha\" \/>\n<meta property=\"article:modified_time\" content=\"2023-09-29T17:40:51+00:00\" \/>\n<meta name=\"twitter:card\" content=\"summary_large_image\" \/>\n<script type=\"application\/ld+json\" class=\"yoast-schema-graph\">{\"@context\":\"https:\/\/schema.org\",\"@graph\":[{\"@type\":\"WebPage\",\"@id\":\"https:\/\/saypha-main.3peat.dev\/fr\/saypha-informations-sur-la-securite\/\",\"url\":\"https:\/\/saypha-main.3peat.dev\/fr\/saypha-informations-sur-la-securite\/\",\"name\":\"Saypha\u00ae informations sur la s\u00e9curit\u00e9 - Saypha\",\"isPartOf\":{\"@id\":\"https:\/\/saypha-main.3peat.dev\/fr\/#website\"},\"datePublished\":\"2023-04-30T18:14:27+00:00\",\"dateModified\":\"2023-09-29T17:40:51+00:00\",\"breadcrumb\":{\"@id\":\"https:\/\/saypha-main.3peat.dev\/fr\/saypha-informations-sur-la-securite\/#breadcrumb\"},\"inLanguage\":\"fr-FR\",\"potentialAction\":[{\"@type\":\"ReadAction\",\"target\":[\"https:\/\/saypha-main.3peat.dev\/fr\/saypha-informations-sur-la-securite\/\"]}]},{\"@type\":\"BreadcrumbList\",\"@id\":\"https:\/\/saypha-main.3peat.dev\/fr\/saypha-informations-sur-la-securite\/#breadcrumb\",\"itemListElement\":[{\"@type\":\"ListItem\",\"position\":1,\"name\":\"Home\",\"item\":\"https:\/\/saypha-main.3peat.dev\/fr\/\"},{\"@type\":\"ListItem\",\"position\":2,\"name\":\"Saypha\u00ae informations sur la s\u00e9curit\u00e9\"}]},{\"@type\":\"WebSite\",\"@id\":\"https:\/\/saypha-main.3peat.dev\/fr\/#website\",\"url\":\"https:\/\/saypha-main.3peat.dev\/fr\/\",\"name\":\"Saypha\",\"description\":\"\",\"potentialAction\":[{\"@type\":\"SearchAction\",\"target\":{\"@type\":\"EntryPoint\",\"urlTemplate\":\"https:\/\/saypha-main.3peat.dev\/fr\/?s={search_term_string}\"},\"query-input\":\"required name=search_term_string\"}],\"inLanguage\":\"fr-FR\"}]}<\/script>\n<!-- \/ Yoast SEO plugin. -->","yoast_head_json":{"title":"Saypha\u00ae informations sur la s\u00e9curit\u00e9 - Saypha","robots":{"index":"index","follow":"follow","max-snippet":"max-snippet:-1","max-image-preview":"max-image-preview:large","max-video-preview":"max-video-preview:-1"},"canonical":"https:\/\/saypha-main.3peat.dev\/fr\/saypha-informations-sur-la-securite\/","og_locale":"fr_FR","og_type":"article","og_title":"Saypha\u00ae informations sur la s\u00e9curit\u00e9 - Saypha","og_url":"https:\/\/saypha-main.3peat.dev\/fr\/saypha-informations-sur-la-securite\/","og_site_name":"Saypha","article_modified_time":"2023-09-29T17:40:51+00:00","twitter_card":"summary_large_image","schema":{"@context":"https:\/\/schema.org","@graph":[{"@type":"WebPage","@id":"https:\/\/saypha-main.3peat.dev\/fr\/saypha-informations-sur-la-securite\/","url":"https:\/\/saypha-main.3peat.dev\/fr\/saypha-informations-sur-la-securite\/","name":"Saypha\u00ae informations sur la s\u00e9curit\u00e9 - Saypha","isPartOf":{"@id":"https:\/\/saypha-main.3peat.dev\/fr\/#website"},"datePublished":"2023-04-30T18:14:27+00:00","dateModified":"2023-09-29T17:40:51+00:00","breadcrumb":{"@id":"https:\/\/saypha-main.3peat.dev\/fr\/saypha-informations-sur-la-securite\/#breadcrumb"},"inLanguage":"fr-FR","potentialAction":[{"@type":"ReadAction","target":["https:\/\/saypha-main.3peat.dev\/fr\/saypha-informations-sur-la-securite\/"]}]},{"@type":"BreadcrumbList","@id":"https:\/\/saypha-main.3peat.dev\/fr\/saypha-informations-sur-la-securite\/#breadcrumb","itemListElement":[{"@type":"ListItem","position":1,"name":"Home","item":"https:\/\/saypha-main.3peat.dev\/fr\/"},{"@type":"ListItem","position":2,"name":"Saypha\u00ae informations sur la s\u00e9curit\u00e9"}]},{"@type":"WebSite","@id":"https:\/\/saypha-main.3peat.dev\/fr\/#website","url":"https:\/\/saypha-main.3peat.dev\/fr\/","name":"Saypha","description":"","potentialAction":[{"@type":"SearchAction","target":{"@type":"EntryPoint","urlTemplate":"https:\/\/saypha-main.3peat.dev\/fr\/?s={search_term_string}"},"query-input":"required name=search_term_string"}],"inLanguage":"fr-FR"}]}},"_links":{"self":[{"href":"https:\/\/saypha-main.3peat.dev\/fr\/wp-json\/wp\/v2\/pages\/556","targetHints":{"allow":["GET"]}}],"collection":[{"href":"https:\/\/saypha-main.3peat.dev\/fr\/wp-json\/wp\/v2\/pages"}],"about":[{"href":"https:\/\/saypha-main.3peat.dev\/fr\/wp-json\/wp\/v2\/types\/page"}],"author":[{"embeddable":true,"href":"https:\/\/saypha-main.3peat.dev\/fr\/wp-json\/wp\/v2\/users\/1"}],"replies":[{"embeddable":true,"href":"https:\/\/saypha-main.3peat.dev\/fr\/wp-json\/wp\/v2\/comments?post=556"}],"version-history":[{"count":4,"href":"https:\/\/saypha-main.3peat.dev\/fr\/wp-json\/wp\/v2\/pages\/556\/revisions"}],"predecessor-version":[{"id":624,"href":"https:\/\/saypha-main.3peat.dev\/fr\/wp-json\/wp\/v2\/pages\/556\/revisions\/624"}],"wp:attachment":[{"href":"https:\/\/saypha-main.3peat.dev\/fr\/wp-json\/wp\/v2\/media?parent=556"}],"curies":[{"name":"wp","href":"https:\/\/api.w.org\/{rel}","templated":true}]}}