{"id":552,"date":"2023-04-20T22:39:39","date_gmt":"2023-04-21T02:39:39","guid":{"rendered":"https:\/\/saypha-main.3peat.dev\/partenariats\/"},"modified":"2023-09-21T15:18:04","modified_gmt":"2023-09-21T19:18:04","slug":"partenariats","status":"publish","type":"page","link":"https:\/\/saypha-main.3peat.dev\/fr\/partenariats\/","title":{"rendered":"Partenariats"},"content":{"rendered":"<section class=\"text-image-block partnership mt-6\">\n    <div class=\"container my-4\">\n                <div class=\"row\">\n            <div class=\"col-lg-6 ps-md-2 ps-sm-2 ps-lg-2 pt-md-4 pb-md-4 pt-4 pb-4 d-flex align-items-center\">\n                <div class=\"align-middle\">\n                    <h2 class=\"h2-style pb-2\">Pride Toronto 2023<\/h2>\n                    <p>Pride Toronto s\u2019efforce d\u2019assurer l\u2019\u00e9galit\u00e9 des droits et la repr\u00e9sentation de toutes les personnes ayant des identit\u00e9s sexuelles et de genre diff\u00e9rentes.<\/p>\n<p>Les communaut\u00e9s que nous servons nous guident et nous sommes soutenus par un incroyable r\u00e9seau de b\u00e9n\u00e9voles. Notre diversit\u00e9 collective nous permet de favoriser des conversations importantes au croisement des \u00e2ges, des lieux g\u00e9ographiques, des origines ethniques, des religions, des conditions socio-\u00e9conomiques et des exp\u00e9riences.<\/p>\n<p>Nous sommes fiers de repr\u00e9senter et de servir des membres aussi diversifi\u00e9s, qui sont unis dans leur d\u00e9sir d\u2019\u00eatre eux-m\u00eames sans crainte.<\/p>\n                    <img decoding=\"async\" class=\"logo-image\"\n                        src=\"https:\/\/saypha-main.3peat.dev\/wp-content\/uploads\/2023\/05\/Saypha-Pride-Toronto-Logo.svg\" srcset=\"\" sizes=\"(max-width: 161px) 100vw, 161px\" alt=\"text\" \/>\n                <\/div>\n            <\/div>\n            <div class=\"col-lg-6 py-4\">\n                <img decoding=\"async\" class=\"text-image\"\n                    src=\"https:\/\/saypha-main.3peat.dev\/wp-content\/uploads\/2023\/05\/Saypha-Pride-Toronto-2023-Feature-Image.jpg\" srcset=\"https:\/\/saypha-main.3peat.dev\/wp-content\/uploads\/2023\/05\/Saypha-Pride-Toronto-2023-Feature-Image.jpg 664w, https:\/\/saypha-main.3peat.dev\/wp-content\/uploads\/2023\/05\/Saypha-Pride-Toronto-2023-Feature-Image-300x231.jpg 300w, https:\/\/saypha-main.3peat.dev\/wp-content\/uploads\/2023\/05\/Saypha-Pride-Toronto-2023-Feature-Image-93x72.jpg 93w\" sizes=\"(max-width: 664px) 100vw, 664px\"                    alt=\"text\" \/>\n\n            <\/div>\n        <\/div>\n            <\/div>\n\n<\/section>","protected":false},"excerpt":{"rendered":"","protected":false},"author":1,"featured_media":0,"parent":0,"menu_order":0,"comment_status":"closed","ping_status":"closed","template":"","meta":{"footnotes":""},"class_list":["post-552","page","type-page","status-publish","hentry"],"acf":[],"yoast_head":"<!-- This site is optimized with the Yoast SEO plugin v20.8 - https:\/\/yoast.com\/wordpress\/plugins\/seo\/ -->\n<title>Partenariat | produits de comblement dermique \u00e0 base d\u2019AH saypha\u00ae<\/title>\n<meta name=\"description\" content=\"D\u00e9couvrez les partenaires communautaires par qui la gamme des produits de comblement dermique \u00e0 base d\u2019AH saypha\u00ae est utilis\u00e9e!\" \/>\n<meta name=\"robots\" content=\"index, follow, max-snippet:-1, max-image-preview:large, max-video-preview:-1\" \/>\n<link rel=\"canonical\" href=\"https:\/\/saypha-main.3peat.dev\/fr\/partenariats\/\" \/>\n<meta property=\"og:locale\" content=\"fr_FR\" \/>\n<meta property=\"og:type\" content=\"article\" \/>\n<meta property=\"og:title\" content=\"Partenariat | produits de comblement dermique \u00e0 base d\u2019AH saypha\u00ae\" \/>\n<meta property=\"og:description\" content=\"D\u00e9couvrez les partenaires communautaires par qui la gamme des produits de comblement dermique \u00e0 base d\u2019AH saypha\u00ae est utilis\u00e9e!\" \/>\n<meta property=\"og:url\" content=\"https:\/\/saypha-main.3peat.dev\/fr\/partenariats\/\" \/>\n<meta property=\"og:site_name\" content=\"Saypha\" \/>\n<meta property=\"article:modified_time\" content=\"2023-09-21T19:18:04+00:00\" \/>\n<meta name=\"twitter:card\" content=\"summary_large_image\" \/>\n<script type=\"application\/ld+json\" class=\"yoast-schema-graph\">{\"@context\":\"https:\/\/schema.org\",\"@graph\":[{\"@type\":\"WebPage\",\"@id\":\"https:\/\/saypha-main.3peat.dev\/fr\/partenariats\/\",\"url\":\"https:\/\/saypha-main.3peat.dev\/fr\/partenariats\/\",\"name\":\"Partenariat | produits de comblement dermique \u00e0 base d\u2019AH saypha\u00ae\",\"isPartOf\":{\"@id\":\"https:\/\/saypha-main.3peat.dev\/fr\/#website\"},\"datePublished\":\"2023-04-21T02:39:39+00:00\",\"dateModified\":\"2023-09-21T19:18:04+00:00\",\"description\":\"D\u00e9couvrez les partenaires communautaires par qui la gamme des produits de comblement dermique \u00e0 base d\u2019AH saypha\u00ae est utilis\u00e9e!\",\"breadcrumb\":{\"@id\":\"https:\/\/saypha-main.3peat.dev\/fr\/partenariats\/#breadcrumb\"},\"inLanguage\":\"fr-FR\",\"potentialAction\":[{\"@type\":\"ReadAction\",\"target\":[\"https:\/\/saypha-main.3peat.dev\/fr\/partenariats\/\"]}]},{\"@type\":\"BreadcrumbList\",\"@id\":\"https:\/\/saypha-main.3peat.dev\/fr\/partenariats\/#breadcrumb\",\"itemListElement\":[{\"@type\":\"ListItem\",\"position\":1,\"name\":\"Home\",\"item\":\"https:\/\/saypha-main.3peat.dev\/fr\/\"},{\"@type\":\"ListItem\",\"position\":2,\"name\":\"Partenariats\"}]},{\"@type\":\"WebSite\",\"@id\":\"https:\/\/saypha-main.3peat.dev\/fr\/#website\",\"url\":\"https:\/\/saypha-main.3peat.dev\/fr\/\",\"name\":\"Saypha\",\"description\":\"\",\"potentialAction\":[{\"@type\":\"SearchAction\",\"target\":{\"@type\":\"EntryPoint\",\"urlTemplate\":\"https:\/\/saypha-main.3peat.dev\/fr\/?s={search_term_string}\"},\"query-input\":\"required name=search_term_string\"}],\"inLanguage\":\"fr-FR\"}]}<\/script>\n<!-- \/ Yoast SEO plugin. -->","yoast_head_json":{"title":"Partenariat | produits de comblement dermique \u00e0 base d\u2019AH saypha\u00ae","description":"D\u00e9couvrez les partenaires communautaires par qui la gamme des produits de comblement dermique \u00e0 base d\u2019AH saypha\u00ae est utilis\u00e9e!","robots":{"index":"index","follow":"follow","max-snippet":"max-snippet:-1","max-image-preview":"max-image-preview:large","max-video-preview":"max-video-preview:-1"},"canonical":"https:\/\/saypha-main.3peat.dev\/fr\/partenariats\/","og_locale":"fr_FR","og_type":"article","og_title":"Partenariat | produits de comblement dermique \u00e0 base d\u2019AH saypha\u00ae","og_description":"D\u00e9couvrez les partenaires communautaires par qui la gamme des produits de comblement dermique \u00e0 base d\u2019AH saypha\u00ae est utilis\u00e9e!","og_url":"https:\/\/saypha-main.3peat.dev\/fr\/partenariats\/","og_site_name":"Saypha","article_modified_time":"2023-09-21T19:18:04+00:00","twitter_card":"summary_large_image","schema":{"@context":"https:\/\/schema.org","@graph":[{"@type":"WebPage","@id":"https:\/\/saypha-main.3peat.dev\/fr\/partenariats\/","url":"https:\/\/saypha-main.3peat.dev\/fr\/partenariats\/","name":"Partenariat | produits de comblement dermique \u00e0 base d\u2019AH saypha\u00ae","isPartOf":{"@id":"https:\/\/saypha-main.3peat.dev\/fr\/#website"},"datePublished":"2023-04-21T02:39:39+00:00","dateModified":"2023-09-21T19:18:04+00:00","description":"D\u00e9couvrez les partenaires communautaires par qui la gamme des produits de comblement dermique \u00e0 base d\u2019AH saypha\u00ae est utilis\u00e9e!","breadcrumb":{"@id":"https:\/\/saypha-main.3peat.dev\/fr\/partenariats\/#breadcrumb"},"inLanguage":"fr-FR","potentialAction":[{"@type":"ReadAction","target":["https:\/\/saypha-main.3peat.dev\/fr\/partenariats\/"]}]},{"@type":"BreadcrumbList","@id":"https:\/\/saypha-main.3peat.dev\/fr\/partenariats\/#breadcrumb","itemListElement":[{"@type":"ListItem","position":1,"name":"Home","item":"https:\/\/saypha-main.3peat.dev\/fr\/"},{"@type":"ListItem","position":2,"name":"Partenariats"}]},{"@type":"WebSite","@id":"https:\/\/saypha-main.3peat.dev\/fr\/#website","url":"https:\/\/saypha-main.3peat.dev\/fr\/","name":"Saypha","description":"","potentialAction":[{"@type":"SearchAction","target":{"@type":"EntryPoint","urlTemplate":"https:\/\/saypha-main.3peat.dev\/fr\/?s={search_term_string}"},"query-input":"required name=search_term_string"}],"inLanguage":"fr-FR"}]}},"_links":{"self":[{"href":"https:\/\/saypha-main.3peat.dev\/fr\/wp-json\/wp\/v2\/pages\/552","targetHints":{"allow":["GET"]}}],"collection":[{"href":"https:\/\/saypha-main.3peat.dev\/fr\/wp-json\/wp\/v2\/pages"}],"about":[{"href":"https:\/\/saypha-main.3peat.dev\/fr\/wp-json\/wp\/v2\/types\/page"}],"author":[{"embeddable":true,"href":"https:\/\/saypha-main.3peat.dev\/fr\/wp-json\/wp\/v2\/users\/1"}],"replies":[{"embeddable":true,"href":"https:\/\/saypha-main.3peat.dev\/fr\/wp-json\/wp\/v2\/comments?post=552"}],"version-history":[{"count":1,"href":"https:\/\/saypha-main.3peat.dev\/fr\/wp-json\/wp\/v2\/pages\/552\/revisions"}],"predecessor-version":[{"id":553,"href":"https:\/\/saypha-main.3peat.dev\/fr\/wp-json\/wp\/v2\/pages\/552\/revisions\/553"}],"wp:attachment":[{"href":"https:\/\/saypha-main.3peat.dev\/fr\/wp-json\/wp\/v2\/media?parent=552"}],"curies":[{"name":"wp","href":"https:\/\/api.w.org\/{rel}","templated":true}]}}