{"id":545,"date":"2023-04-20T22:40:30","date_gmt":"2023-04-21T02:40:30","guid":{"rendered":"https:\/\/saypha-main.3peat.dev\/galerie\/"},"modified":"2023-09-27T14:47:28","modified_gmt":"2023-09-27T18:47:28","slug":"galerie","status":"publish","type":"page","link":"https:\/\/saypha-main.3peat.dev\/fr\/galerie\/","title":{"rendered":"Galerie"},"content":{"rendered":"\n<h3 class=\"wp-block-heading\"><\/h3>\n<section class=\"button-list-block\">\n    <div class=\"container\">\n        <div class=\"row col-lg-10 mt-3 mb-6 align-self-center offset-lg-1\">\n                        <h2 class=\"h2-style ps-0 pt-4 pb-4\">Mode d\u2019emploi<\/h2>\n\n                                    <div class=\"col-md-4 ps-0 col-lg-4 pb-4 col-sm-12\">\n                <a class=\"button-sec long\" href=\"https:\/\/saypha.ca\/wp-content\/uploads\/2023\/05\/IFU-Volume-Lido.pdf\"\n                    target=\"_blank\">VOLUME<\/a>\n                            <\/div>\n                        <div class=\"col-md-4 ps-0 col-lg-4 pb-4 col-sm-12\">\n                <a class=\"button-sec long\" href=\"https:\/\/saypha.ca\/wp-content\/uploads\/2023\/05\/Volume-PLUS-lido-IFU-.pdf\"\n                    target=\"_blank\">VOLUME PLUS<\/a>\n                            <\/div>\n                    <\/div>\n    <\/div>\n<\/section>","protected":false},"excerpt":{"rendered":"","protected":false},"author":1,"featured_media":0,"parent":0,"menu_order":0,"comment_status":"closed","ping_status":"closed","template":"","meta":{"footnotes":""},"class_list":["post-545","page","type-page","status-publish","hentry"],"acf":[],"yoast_head":"<!-- This site is optimized with the Yoast SEO plugin v20.8 - https:\/\/yoast.com\/wordpress\/plugins\/seo\/ -->\n<title>Galerie | produits de comblement dermique \u00e0 base d\u2019AH saypha\u00ae<\/title>\n<meta name=\"description\" content=\"Consultez notre galerie avant et apr\u00e8s relative aux r\u00e9sultats obtenus chez nos patients Consultez notre galerie avant et apr\u00e8s relative aux r\u00e9sultats obtenus chez nos patients\" \/>\n<meta name=\"robots\" content=\"index, follow, max-snippet:-1, max-image-preview:large, max-video-preview:-1\" \/>\n<link rel=\"canonical\" href=\"https:\/\/saypha-main.3peat.dev\/fr\/galerie\/\" \/>\n<meta property=\"og:locale\" content=\"fr_FR\" \/>\n<meta property=\"og:type\" content=\"article\" \/>\n<meta property=\"og:title\" content=\"Galerie | produits de comblement dermique \u00e0 base d\u2019AH saypha\u00ae\" \/>\n<meta property=\"og:description\" content=\"Consultez notre galerie avant et apr\u00e8s relative aux r\u00e9sultats obtenus chez nos patients Consultez notre galerie avant et apr\u00e8s relative aux r\u00e9sultats obtenus chez nos patients\" \/>\n<meta property=\"og:url\" content=\"https:\/\/saypha-main.3peat.dev\/fr\/galerie\/\" \/>\n<meta property=\"og:site_name\" content=\"Saypha\" \/>\n<meta property=\"article:modified_time\" content=\"2023-09-27T18:47:28+00:00\" \/>\n<meta name=\"twitter:card\" content=\"summary_large_image\" \/>\n<script type=\"application\/ld+json\" class=\"yoast-schema-graph\">{\"@context\":\"https:\/\/schema.org\",\"@graph\":[{\"@type\":\"WebPage\",\"@id\":\"https:\/\/saypha-main.3peat.dev\/fr\/galerie\/\",\"url\":\"https:\/\/saypha-main.3peat.dev\/fr\/galerie\/\",\"name\":\"Galerie | produits de comblement dermique \u00e0 base d\u2019AH saypha\u00ae\",\"isPartOf\":{\"@id\":\"https:\/\/saypha-main.3peat.dev\/fr\/#website\"},\"datePublished\":\"2023-04-21T02:40:30+00:00\",\"dateModified\":\"2023-09-27T18:47:28+00:00\",\"description\":\"Consultez notre galerie avant et apr\u00e8s relative aux r\u00e9sultats obtenus chez nos patients Consultez notre galerie avant et apr\u00e8s relative aux r\u00e9sultats obtenus chez nos patients\",\"breadcrumb\":{\"@id\":\"https:\/\/saypha-main.3peat.dev\/fr\/galerie\/#breadcrumb\"},\"inLanguage\":\"fr-FR\",\"potentialAction\":[{\"@type\":\"ReadAction\",\"target\":[\"https:\/\/saypha-main.3peat.dev\/fr\/galerie\/\"]}]},{\"@type\":\"BreadcrumbList\",\"@id\":\"https:\/\/saypha-main.3peat.dev\/fr\/galerie\/#breadcrumb\",\"itemListElement\":[{\"@type\":\"ListItem\",\"position\":1,\"name\":\"Home\",\"item\":\"https:\/\/saypha-main.3peat.dev\/fr\/\"},{\"@type\":\"ListItem\",\"position\":2,\"name\":\"Galerie\"}]},{\"@type\":\"WebSite\",\"@id\":\"https:\/\/saypha-main.3peat.dev\/fr\/#website\",\"url\":\"https:\/\/saypha-main.3peat.dev\/fr\/\",\"name\":\"Saypha\",\"description\":\"\",\"potentialAction\":[{\"@type\":\"SearchAction\",\"target\":{\"@type\":\"EntryPoint\",\"urlTemplate\":\"https:\/\/saypha-main.3peat.dev\/fr\/?s={search_term_string}\"},\"query-input\":\"required name=search_term_string\"}],\"inLanguage\":\"fr-FR\"}]}<\/script>\n<!-- \/ Yoast SEO plugin. -->","yoast_head_json":{"title":"Galerie | produits de comblement dermique \u00e0 base d\u2019AH saypha\u00ae","description":"Consultez notre galerie avant et apr\u00e8s relative aux r\u00e9sultats obtenus chez nos patients Consultez notre galerie avant et apr\u00e8s relative aux r\u00e9sultats obtenus chez nos patients","robots":{"index":"index","follow":"follow","max-snippet":"max-snippet:-1","max-image-preview":"max-image-preview:large","max-video-preview":"max-video-preview:-1"},"canonical":"https:\/\/saypha-main.3peat.dev\/fr\/galerie\/","og_locale":"fr_FR","og_type":"article","og_title":"Galerie | produits de comblement dermique \u00e0 base d\u2019AH saypha\u00ae","og_description":"Consultez notre galerie avant et apr\u00e8s relative aux r\u00e9sultats obtenus chez nos patients Consultez notre galerie avant et apr\u00e8s relative aux r\u00e9sultats obtenus chez nos patients","og_url":"https:\/\/saypha-main.3peat.dev\/fr\/galerie\/","og_site_name":"Saypha","article_modified_time":"2023-09-27T18:47:28+00:00","twitter_card":"summary_large_image","schema":{"@context":"https:\/\/schema.org","@graph":[{"@type":"WebPage","@id":"https:\/\/saypha-main.3peat.dev\/fr\/galerie\/","url":"https:\/\/saypha-main.3peat.dev\/fr\/galerie\/","name":"Galerie | produits de comblement dermique \u00e0 base d\u2019AH saypha\u00ae","isPartOf":{"@id":"https:\/\/saypha-main.3peat.dev\/fr\/#website"},"datePublished":"2023-04-21T02:40:30+00:00","dateModified":"2023-09-27T18:47:28+00:00","description":"Consultez notre galerie avant et apr\u00e8s relative aux r\u00e9sultats obtenus chez nos patients Consultez notre galerie avant et apr\u00e8s relative aux r\u00e9sultats obtenus chez nos patients","breadcrumb":{"@id":"https:\/\/saypha-main.3peat.dev\/fr\/galerie\/#breadcrumb"},"inLanguage":"fr-FR","potentialAction":[{"@type":"ReadAction","target":["https:\/\/saypha-main.3peat.dev\/fr\/galerie\/"]}]},{"@type":"BreadcrumbList","@id":"https:\/\/saypha-main.3peat.dev\/fr\/galerie\/#breadcrumb","itemListElement":[{"@type":"ListItem","position":1,"name":"Home","item":"https:\/\/saypha-main.3peat.dev\/fr\/"},{"@type":"ListItem","position":2,"name":"Galerie"}]},{"@type":"WebSite","@id":"https:\/\/saypha-main.3peat.dev\/fr\/#website","url":"https:\/\/saypha-main.3peat.dev\/fr\/","name":"Saypha","description":"","potentialAction":[{"@type":"SearchAction","target":{"@type":"EntryPoint","urlTemplate":"https:\/\/saypha-main.3peat.dev\/fr\/?s={search_term_string}"},"query-input":"required name=search_term_string"}],"inLanguage":"fr-FR"}]}},"_links":{"self":[{"href":"https:\/\/saypha-main.3peat.dev\/fr\/wp-json\/wp\/v2\/pages\/545","targetHints":{"allow":["GET"]}}],"collection":[{"href":"https:\/\/saypha-main.3peat.dev\/fr\/wp-json\/wp\/v2\/pages"}],"about":[{"href":"https:\/\/saypha-main.3peat.dev\/fr\/wp-json\/wp\/v2\/types\/page"}],"author":[{"embeddable":true,"href":"https:\/\/saypha-main.3peat.dev\/fr\/wp-json\/wp\/v2\/users\/1"}],"replies":[{"embeddable":true,"href":"https:\/\/saypha-main.3peat.dev\/fr\/wp-json\/wp\/v2\/comments?post=545"}],"version-history":[{"count":8,"href":"https:\/\/saypha-main.3peat.dev\/fr\/wp-json\/wp\/v2\/pages\/545\/revisions"}],"predecessor-version":[{"id":616,"href":"https:\/\/saypha-main.3peat.dev\/fr\/wp-json\/wp\/v2\/pages\/545\/revisions\/616"}],"wp:attachment":[{"href":"https:\/\/saypha-main.3peat.dev\/fr\/wp-json\/wp\/v2\/media?parent=545"}],"curies":[{"name":"wp","href":"https:\/\/api.w.org\/{rel}","templated":true}]}}